{"id":14,"date":"2020-11-04T17:05:24","date_gmt":"2020-11-04T17:05:24","guid":{"rendered":"https:\/\/www.kaibrueckner.de\/site\/?page_id=14"},"modified":"2024-09-10T09:41:33","modified_gmt":"2024-09-10T07:41:33","slug":"about","status":"publish","type":"page","link":"https:\/\/www.kaibrueckner.de\/site\/about\/","title":{"rendered":"About DE"},"content":{"rendered":"<!-- Added by Post\/Page Specific Custom Code plugin, thank you for using! -->\n<style>body.page-template { \r\nbackground-image: url(\"https:\/\/www.kaibrueckner.de\/site\/wp-content\/uploads\/2021\/04\/P1090955blur-scaled.jpg\"); \r\nbackground-position: center top; \r\nbackground-size: cover; \r\nbackground-repeat: no-repeat; \r\nbackground-attachment: fixed;\r\n}\r\n\r\n.wp-block-group__inner-container\r\n{ \r\noverflow: hidden;\r\npadding: 20px;\r\nbackground: rgba(255,255,255,0.6);\r\n border-radius: 15px;\r\nborder: 0px solid #999999;\r\n-moz-box-shadow: 0px 0px 20px #696969;\r\n-webkit-box-shadow: 0px 0px 20px #696969;\r\nbox-shadow: 0px 0px 20px #696969;\r\n}\r\n\r\n\/*Image Width*\/\r\n.alignleft, .alignright {\r\n    max-width: 400px !important;\r\n}\r\n\r\n.wp-block-image {\r\n    margin: 0px !important;\r\n}\r\n\r\n\r\n\/*Mobile Center Screen*\/\r\n@media only screen and (max-width: 600px) {\r\n\t.alignright {\r\n\tmargin-left:auto !important;\r\n\tmargin-right:auto !important;\r\n    }\r\n.wp-block-group { \r\nmargin-top: 10px !important;\r\n}\r\n}\r\n\r\n\/*Wide Screen Center*\/\r\n@media only screen and (min-width: 1024px) {\r\n\t.entry-content {\r\nposition: relative;\r\nheight: auto;\r\noverflow: scroll;\r\n}\r\n.wp-block-group__inner-container {\r\n  \r\nmax-width: 120rem;\r\n\u2028margin-right: auto !important;\r\nmargin-left: auto !important;\r\n}\r\n}<\/style>\n\n<div class=\"wp-block-group\"><div class=\"wp-block-group__inner-container is-layout-flow wp-block-group-is-layout-flow\"><div class=\"wp-block-image is-style-default\">\n<figure class=\"alignright size-large\"><img loading=\"lazy\" decoding=\"async\" width=\"1024\" height=\"640\" src=\"https:\/\/www.kaibrueckner.de\/site\/wp-content\/uploads\/2021\/04\/fotobyMartinJanzik-scaled-e1619292606805-1024x640.jpg\" alt=\"\" class=\"wp-image-1886\" srcset=\"https:\/\/www.kaibrueckner.de\/site\/wp-content\/uploads\/2021\/04\/fotobyMartinJanzik-scaled-e1619292606805-1024x640.jpg 1024w, https:\/\/www.kaibrueckner.de\/site\/wp-content\/uploads\/2021\/04\/fotobyMartinJanzik-scaled-e1619292606805-600x375.jpg 600w, https:\/\/www.kaibrueckner.de\/site\/wp-content\/uploads\/2021\/04\/fotobyMartinJanzik-scaled-e1619292606805-300x187.jpg 300w, https:\/\/www.kaibrueckner.de\/site\/wp-content\/uploads\/2021\/04\/fotobyMartinJanzik-scaled-e1619292606805-768x480.jpg 768w, https:\/\/www.kaibrueckner.de\/site\/wp-content\/uploads\/2021\/04\/fotobyMartinJanzik-scaled-e1619292606805-1536x960.jpg 1536w, https:\/\/www.kaibrueckner.de\/site\/wp-content\/uploads\/2021\/04\/fotobyMartinJanzik-scaled-e1619292606805-2048x1280.jpg 2048w, https:\/\/www.kaibrueckner.de\/site\/wp-content\/uploads\/2021\/04\/fotobyMartinJanzik-scaled-e1619292606805-1200x750.jpg 1200w, https:\/\/www.kaibrueckner.de\/site\/wp-content\/uploads\/2021\/04\/fotobyMartinJanzik-scaled-e1619292606805-1980x1237.jpg 1980w, https:\/\/www.kaibrueckner.de\/site\/wp-content\/uploads\/2021\/04\/fotobyMartinJanzik-scaled-e1619292606805-24x15.jpg 24w, https:\/\/www.kaibrueckner.de\/site\/wp-content\/uploads\/2021\/04\/fotobyMartinJanzik-scaled-e1619292606805-36x22.jpg 36w, https:\/\/www.kaibrueckner.de\/site\/wp-content\/uploads\/2021\/04\/fotobyMartinJanzik-scaled-e1619292606805-48x30.jpg 48w\" sizes=\"auto, (max-width: 1024px) 100vw, 1024px\" \/><figcaption class=\"wp-element-caption\">\u00a9 by Martin Janzik<\/figcaption><\/figure><\/div>\n\n\n<p class=\"has-drop-cap\" style=\"font-size:15px\">Kai wird 1969 geboren und f\u00e4ngt mit acht Jahren an, Gitarre zu spielen. 1984 zieht er mit seiner Familie nach New York und, nachdem er mit der Hilfe der Plattensammlung seines Vaters mittlerweile die Liebe zum Jazz entdeckt hat, nimmt er dort Unterricht bei John Abercrombie.<br>Zur\u00fcck in Berlin studiert er von 1990 bis 1994 an der Hochschule der K\u00fcnste in Berlin unter anderem bei David Friedman, Sigi Busch, Jerry Granelli und Michael Gechter. 1994 bis &#8217;95 verbringt Kai noch einmal in New York und studiert mit John Abercrombie, Mike Stern, Wayne Krantz, Charle Banacos und Richard Boukas.<br>In den folgenden Jahren gibt es mehrere Touren in den USA und Kanada mit dem Schlagzeuger Jerry Granelli und seiner Band UFB.<br>1999 erh\u00e4lt Kai ein Stipendium vom Berliner Senat um am Internationalen Jazzworkshop in Banff (Kanada) teilzunehmen. (Die Lehrer in diesem Jahr sind Kenny Werner, Dave Holland, Dave Douglas u.a.)<br><br>Bands und Projekte aus und sind unter anderen das Kai Br\u00fcckner Trio with Aaron Alexander und J. Anthony Granelli, Kai Br\u00fcckner\u2019s MicroBazaar, Yakou Tribe, Jerry Granelli&#8217;s UFB, Jacobien Vlasman Quartett, Th\u00e4richens Tentett, Lone World Trio with Christian Br\u00fcckner, Tilman Dehnhard Quintett, Tanmoy Bose&#8217;s TaalTantra, Sebastian Merk&#8217;s Merkur, Jocelyn B. Smith Band, Jannis Zotos Group, Pepe Berns Network, Lisa Bassenge Band and Andreas Schnermann&#8217;s Poetry Clan, Maria Farantouri, Z\u00fclf\u00fc Livaneli, Glenn M\u00fcller, Esther Kaiser, die Big Band der Deutschen Oper Berlin.<br><br>Konzerte und Workshops in Deutschland und Europa, USA, Kanada, West Afriak, Kenia, Madagascar, Vietnam, China and Indonesien mit verschiedenen Projekten, l\u00e4ngere Aufenthalte und Touren in Indien mit Tanmoy Bose (Ravi Shankar). Auftr\u00e4ge f\u00fcr Filmmusik (ZDF and arte). Diverse Kompositionen f\u00fcr H\u00f6rb\u00fccher, H\u00f6rspiele und Lesungen. Diverse CD- , Video Produktionen und Radiosendungen.<br>Kai unterrichtet zur Zeit Gitarre an der UdK in Berlin.<\/p>\n<\/div><\/div>\n\n\n\n<p><\/p>\n","protected":false},"excerpt":{"rendered":"<p>Kai wird 1969 geboren und f\u00e4ngt mit acht Jahren an, Gitarre zu spielen. 1984 zieht er mit seiner Familie nach New York und, nachdem er mit der Hilfe der Plattensammlung seines Vaters mittlerweile die Liebe zum Jazz entdeckt hat, nimmt er dort Unterricht bei John Abercrombie.Zur\u00fcck in Berlin studiert er von 1990 bis 1994 an [&hellip;]<\/p>\n","protected":false},"author":1,"featured_media":0,"parent":0,"menu_order":0,"comment_status":"closed","ping_status":"closed","template":"templates\/template-full-width.php","meta":{"footnotes":""},"class_list":["post-14","page","type-page","status-publish","hentry"],"jetpack_sharing_enabled":true,"_links":{"self":[{"href":"https:\/\/www.kaibrueckner.de\/site\/wp-json\/wp\/v2\/pages\/14","targetHints":{"allow":["GET"]}}],"collection":[{"href":"https:\/\/www.kaibrueckner.de\/site\/wp-json\/wp\/v2\/pages"}],"about":[{"href":"https:\/\/www.kaibrueckner.de\/site\/wp-json\/wp\/v2\/types\/page"}],"author":[{"embeddable":true,"href":"https:\/\/www.kaibrueckner.de\/site\/wp-json\/wp\/v2\/users\/1"}],"replies":[{"embeddable":true,"href":"https:\/\/www.kaibrueckner.de\/site\/wp-json\/wp\/v2\/comments?post=14"}],"version-history":[{"count":1,"href":"https:\/\/www.kaibrueckner.de\/site\/wp-json\/wp\/v2\/pages\/14\/revisions"}],"predecessor-version":[{"id":3328,"href":"https:\/\/www.kaibrueckner.de\/site\/wp-json\/wp\/v2\/pages\/14\/revisions\/3328"}],"wp:attachment":[{"href":"https:\/\/www.kaibrueckner.de\/site\/wp-json\/wp\/v2\/media?parent=14"}],"curies":[{"name":"wp","href":"https:\/\/api.w.org\/{rel}","templated":true}]}}