{"id":2044,"date":"2023-03-21T17:11:27","date_gmt":"2023-03-21T17:11:27","guid":{"rendered":"https:\/\/www.kaibrueckner.de\/site\/news-de-2\/"},"modified":"2023-04-08T23:18:49","modified_gmt":"2023-04-08T21:18:49","slug":"projects-de","status":"publish","type":"page","link":"https:\/\/www.kaibrueckner.de\/site\/projects-de\/","title":{"rendered":"Projects DE"},"content":{"rendered":"<!-- Added by Post\/Page Specific Custom Code plugin, thank you for using! -->\n<style>body.page-template { \r\nbackground-image: url(\"https:\/\/www.kaibrueckner.de\/site\/wp-content\/uploads\/2021\/04\/P1090955blur-scaled.jpg\"); \r\nbackground-position: center top; \r\nbackground-size: cover; \r\nbackground-repeat: no-repeat; \r\nbackground-attachment: fixed;\r\n}\r\n\r\n\r\n.color-accent, .color-accent-hover:hover, .color-accent-hover:focus, :root .has-accent-color, .has-drop-cap:not(:focus):first-letter, .wp-block-button.is-style-outline, a\r\n {\r\n    color: #000000;\r\ntext-decoration: none\r\n}\r\n\r\n.wp-block-group__inner-container\r\n{ \r\noverflow: hidden;\r\npadding: 20px;\r\nmargin-top: 0px;\r\nbackground: rgba(255,255,255,0.6);\r\n border-radius: 15px;\r\nborder: 0px solid #999999;\r\n-moz-box-shadow: 0px 0px 20px #696969;\r\n-webkit-box-shadow: 0px 0px 20px #696969;\r\nbox-shadow: 0px 0px 20px #696969;\r\n}\r\n\r\n.alignleft, .alignright {\r\n    max-width: 400px !important;\r\n}\r\n\r\n.wp-block-image {\r\n \r\nmargin-top: 0px !important;\r\n\r\n}\r\n\r\n\r\n\/*Mobile Center Screen*\/\r\n@media only screen and (max-width: 1000px) {\r\n\t.alignright {\r\n\tmargin-left: auto !important;\r\n\tmargin-right: auto !important;\r\n}\r\n.wp-block-group { \r\nmargin-top: 10px !important;\r\n}\r\n}\r\n\/*Wide Screen Center*\/\r\n@media only screen and (min-width: 1001px) {\r\n\t.post-inner {\r\nposition: relative;\r\nmargin-top: -15px !important;\r\n\r\n}\r\n.wp-block-group__inner-container {\r\nmax-width: 100rem;\r\n\u2028   \r\n}\r\n}<\/style>\n\n<div class=\"wp-block-group\"><div class=\"wp-block-group__inner-container is-layout-flow wp-block-group-is-layout-flow\"><div class=\"wp-block-image is-style-default\">\n<figure class=\"aligncenter size-large\"><img loading=\"lazy\" decoding=\"async\" width=\"1024\" height=\"269\" src=\"https:\/\/www.kaibrueckner.de\/site\/wp-content\/uploads\/2023\/03\/david_beecroft_A7309837-2-edited-1-scaled-e1679441855992-1024x269.jpg\" alt=\"Yakou Tribe\" class=\"wp-image-2070\" srcset=\"https:\/\/www.kaibrueckner.de\/site\/wp-content\/uploads\/2023\/03\/david_beecroft_A7309837-2-edited-1-scaled-e1679441855992-1024x269.jpg 1024w, https:\/\/www.kaibrueckner.de\/site\/wp-content\/uploads\/2023\/03\/david_beecroft_A7309837-2-edited-1-scaled-e1679441855992-600x158.jpg 600w, https:\/\/www.kaibrueckner.de\/site\/wp-content\/uploads\/2023\/03\/david_beecroft_A7309837-2-edited-1-scaled-e1679441855992-300x79.jpg 300w, https:\/\/www.kaibrueckner.de\/site\/wp-content\/uploads\/2023\/03\/david_beecroft_A7309837-2-edited-1-scaled-e1679441855992-768x202.jpg 768w, https:\/\/www.kaibrueckner.de\/site\/wp-content\/uploads\/2023\/03\/david_beecroft_A7309837-2-edited-1-scaled-e1679441855992-1536x403.jpg 1536w, https:\/\/www.kaibrueckner.de\/site\/wp-content\/uploads\/2023\/03\/david_beecroft_A7309837-2-edited-1-scaled-e1679441855992-2048x538.jpg 2048w, https:\/\/www.kaibrueckner.de\/site\/wp-content\/uploads\/2023\/03\/david_beecroft_A7309837-2-edited-1-scaled-e1679441855992-1200x315.jpg 1200w, https:\/\/www.kaibrueckner.de\/site\/wp-content\/uploads\/2023\/03\/david_beecroft_A7309837-2-edited-1-scaled-e1679441855992-1980x520.jpg 1980w, https:\/\/www.kaibrueckner.de\/site\/wp-content\/uploads\/2023\/03\/david_beecroft_A7309837-2-edited-1-scaled-e1679441855992-24x6.jpg 24w, https:\/\/www.kaibrueckner.de\/site\/wp-content\/uploads\/2023\/03\/david_beecroft_A7309837-2-edited-1-scaled-e1679441855992-36x9.jpg 36w, https:\/\/www.kaibrueckner.de\/site\/wp-content\/uploads\/2023\/03\/david_beecroft_A7309837-2-edited-1-scaled-e1679441855992-48x13.jpg 48w\" sizes=\"auto, (max-width: 1024px) 100vw, 1024px\" \/><figcaption class=\"wp-element-caption\">Yakou Tribe \u00a9 by David Beecroft<\/figcaption><\/figure><\/div>\n\n\n<p style=\"font-size:15px\"><strong><a href=\"http:\/\/www.yakoutribe.de\" data-type=\"URL\" data-id=\"www.yakoutibe.de\" target=\"_blank\" rel=\"noreferrer noopener\">Yakou Tribe<\/a><\/strong> (mit Rainer Winch-dr, Pepe Berns-b, Jan v. Klewitz-sax)<br><strong>Kai Br\u00fcckner&#8217;s MicroBazaar<\/strong> (mit Thomy Jordi-b, Heiko Jung-dr)<br><strong>Sidemen<\/strong> (mit Heinz Lichius-dr, Pepe Berns-b)<br><strong>Jocelyn B. Smith Band<\/strong> (mit Jocelyn B. Smith-von, Volker Holly Schlott-sax, Camilo Villa Robles-b, Benedikt Aperdannier-p) <br><strong>Th\u00e4richens Tentett<\/strong> (mit Nicolai Th\u00e4richen-p, Michael Schiefel-voc, Kai Sch\u00f6nburg-dr, Johannes Gunkel-b, Andreas Spannagel-sax, Jan v. Klewitz-sax, Simon Harrer-tb, Nik Leistle-sax, Sven Klammer-tp)<br><strong>Christian K\u00f6gel&#8217;s Queen Jazz<\/strong> (mit Christian K\u00f6gel-g, Uli Kempendorff-sax, Peter Ehwald-sax, Rainer Winch-dr)<br><strong>Christian Kappe&#8217;s Cru Sauvage<\/strong> (mit Christian Kappe-tp, Burkhard Jasper-p)<br><strong>Streamline Orchestra<\/strong> (mit Axel-Glenn M\u00fcller-sax, Andreas Nicking-sax, S\u00f6ren Fischer-tb, H.D. Lorenz-b, Stephan Genze-dr, Christian Grabandt-tp)<br><strong>Nina Ernst Band<\/strong> (mit Nina Ernst-von, Andreas Weiser-perc, Max Hughes-b, Tal Balshai-p, Javier Reyes-dr)<br><strong>BigBand der Deutschen Oper<\/strong><\/p>\n<\/div><\/div>\n\n\n\n<p><\/p>\n","protected":false},"excerpt":{"rendered":"<p>Yakou Tribe (mit Rainer Winch-dr, Pepe Berns-b, Jan v. Klewitz-sax)Kai Br\u00fcckner&#8217;s MicroBazaar (mit Thomy Jordi-b, Heiko Jung-dr)Sidemen (mit Heinz Lichius-dr, Pepe Berns-b)Jocelyn B. Smith Band (mit Jocelyn B. Smith-von, Volker Holly Schlott-sax, Camilo Villa Robles-b, Benedikt Aperdannier-p) Th\u00e4richens Tentett (mit Nicolai Th\u00e4richen-p, Michael Schiefel-voc, Kai Sch\u00f6nburg-dr, Johannes Gunkel-b, Andreas Spannagel-sax, Jan v. Klewitz-sax, Simon Harrer-tb, [&hellip;]<\/p>\n","protected":false},"author":1,"featured_media":0,"parent":0,"menu_order":0,"comment_status":"closed","ping_status":"closed","template":"templates\/template-full-width.php","meta":{"footnotes":""},"class_list":["post-2044","page","type-page","status-publish","hentry"],"jetpack_sharing_enabled":true,"_links":{"self":[{"href":"https:\/\/www.kaibrueckner.de\/site\/wp-json\/wp\/v2\/pages\/2044","targetHints":{"allow":["GET"]}}],"collection":[{"href":"https:\/\/www.kaibrueckner.de\/site\/wp-json\/wp\/v2\/pages"}],"about":[{"href":"https:\/\/www.kaibrueckner.de\/site\/wp-json\/wp\/v2\/types\/page"}],"author":[{"embeddable":true,"href":"https:\/\/www.kaibrueckner.de\/site\/wp-json\/wp\/v2\/users\/1"}],"replies":[{"embeddable":true,"href":"https:\/\/www.kaibrueckner.de\/site\/wp-json\/wp\/v2\/comments?post=2044"}],"version-history":[{"count":2,"href":"https:\/\/www.kaibrueckner.de\/site\/wp-json\/wp\/v2\/pages\/2044\/revisions"}],"predecessor-version":[{"id":3520,"href":"https:\/\/www.kaibrueckner.de\/site\/wp-json\/wp\/v2\/pages\/2044\/revisions\/3520"}],"wp:attachment":[{"href":"https:\/\/www.kaibrueckner.de\/site\/wp-json\/wp\/v2\/media?parent=2044"}],"curies":[{"name":"wp","href":"https:\/\/api.w.org\/{rel}","templated":true}]}}