{"id":224,"date":"2020-11-08T16:37:30","date_gmt":"2020-11-08T16:37:30","guid":{"rendered":"https:\/\/www.kaibrueckner.de\/site\/?page_id=224"},"modified":"2023-04-08T22:51:27","modified_gmt":"2023-04-08T20:51:27","slug":"downloads","status":"publish","type":"page","link":"https:\/\/www.kaibrueckner.de\/site\/downloads\/","title":{"rendered":"Downloads DE"},"content":{"rendered":"<!-- Added by Post\/Page Specific Custom Code plugin, thank you for using! -->\n<style>body.page-template { \r\nbackground-image: url(\"https:\/\/www.kaibrueckner.de\/site\/wp-content\/uploads\/2021\/04\/P1090955blur-scaled.jpg\"); \r\nbackground-position: center top; \r\nbackground-size: cover; \r\nbackground-repeat: no-repeat; \r\nbackground-attachment: fixed;\r\n}\r\n.wp-block-group__inner-container\r\n{ \r\noverflow: hidden;\r\npadding: 20px;\r\nbackground: rgba(255,255,255,0.6);\r\nborder-radius: 15px;\r\nborder: 0px solid #999999;\r\n-moz-box-shadow: 0px 0px 20px #696969;\r\n-webkit-box-shadow: 0px 0px 20px #696969;\r\nbox-shadow: 0px 0px 20px #696969;\r\n\r\n}\r\n\r\n.wp-block-media-text__content {\r\n    padding: 0px !important;\r\n}\r\n\r\n.color-accent, .color-accent-hover:hover, .color-accent-hover:focus, :root .has-accent-color, .has-drop-cap:not(:focus):first-letter, .wp-block-button.is-style-outline, a\r\n {\r\n    color: #757575;\r\ntext-decoration: none\r\n}\r\n\r\n\/*Mobile Center Screen*\/\r\n@media only screen and (max-width: 1000px) {\r\n\t.alignright {\r\n\tmargin-left:auto !important;\r\n\tmargin-right:auto !important;\r\n    }\r\n.entry-content > *, .wp-block-group > *, .wp-block-columns > * { \r\nmargin-top: 10px !important;\r\n}\r\n.wp-block-group__inner-container  {\r\nmax-width: 70rem !important;\r\n}\r\n}\r\n\r\n\r\n\/*Wide Screen Center*\/\r\n@media only screen and (min-width: 1001px) {\r\n\t.entry-content {\r\nposition: relative;\r\nheight: auto;\r\noverflow: scroll;\r\n}\r\n.wp-block-group__inner-container  {\r\nmax-width: 70rem !important;\r\n}\r\n}<\/style>\n\n<div class=\"wp-block-group\"><div class=\"wp-block-group__inner-container is-layout-flow wp-block-group-is-layout-flow\">\n<p class=\"has-drop-cap\" style=\"font-size:15px\">Hier befinden sich diverse Informationen Pressemappen und Fotos zum Download f\u00fcr Veranstalter, Presse und zum privaten Gebrauch. Bitte bei allen Ver\u00f6ffentlichungen immer die Urheber erw\u00e4hnen!<\/p>\n\n\n\n<div class=\"wp-block-columns alignwide are-vertically-aligned-center is-layout-flex wp-container-core-columns-is-layout-9d6595d7 wp-block-columns-is-layout-flex\">\n<div class=\"wp-block-column is-vertically-aligned-center is-layout-flow wp-block-column-is-layout-flow\" style=\"flex-basis:20%\">\n<p style=\"font-size:15px\">Kais Pressmappe<\/p>\n<\/div>\n\n\n\n<div class=\"wp-block-column is-vertically-aligned-center is-layout-flow wp-block-column-is-layout-flow\" style=\"flex-basis:10%\">\n<figure class=\"wp-block-image size-full is-resized\"><a href=\"https:\/\/www.kaibrueckner.de\/site\/wp-content\/uploads\/2021\/04\/presskit.zip\" rel=\"https:\/\/www.kaibrueckner.de\/site\/iconfinder_input-2_2916339\/\"><img loading=\"lazy\" decoding=\"async\" src=\"https:\/\/www.kaibrueckner.de\/site\/wp-content\/uploads\/2021\/04\/download.png\" alt=\"\" class=\"wp-image-1842\" width=\"40\" height=\"40\" srcset=\"https:\/\/www.kaibrueckner.de\/site\/wp-content\/uploads\/2021\/04\/download.png 512w, https:\/\/www.kaibrueckner.de\/site\/wp-content\/uploads\/2021\/04\/download-450x450.png 450w, https:\/\/www.kaibrueckner.de\/site\/wp-content\/uploads\/2021\/04\/download-100x100.png 100w, https:\/\/www.kaibrueckner.de\/site\/wp-content\/uploads\/2021\/04\/download-300x300.png 300w, https:\/\/www.kaibrueckner.de\/site\/wp-content\/uploads\/2021\/04\/download-150x150.png 150w, https:\/\/www.kaibrueckner.de\/site\/wp-content\/uploads\/2021\/04\/download-24x24.png 24w, https:\/\/www.kaibrueckner.de\/site\/wp-content\/uploads\/2021\/04\/download-36x36.png 36w, https:\/\/www.kaibrueckner.de\/site\/wp-content\/uploads\/2021\/04\/download-48x48.png 48w\" sizes=\"auto, (max-width: 40px) 100vw, 40px\" \/><\/a><\/figure>\n<\/div>\n\n\n\n<div class=\"wp-block-column is-vertically-aligned-center is-layout-flow wp-block-column-is-layout-flow\" style=\"flex-basis:20%\">\n<p style=\"font-size:15px\">Yakou Tribe Fotos<\/p>\n<\/div>\n\n\n\n<div class=\"wp-block-column is-vertically-aligned-center is-layout-flow wp-block-column-is-layout-flow\" style=\"flex-basis:10%\">\n<figure class=\"wp-block-image size-full is-resized\"><img loading=\"lazy\" decoding=\"async\" src=\"https:\/\/www.kaibrueckner.de\/site\/wp-content\/uploads\/2021\/04\/download.png\" alt=\"\" class=\"wp-image-1842\" width=\"40\" height=\"40\" srcset=\"https:\/\/www.kaibrueckner.de\/site\/wp-content\/uploads\/2021\/04\/download.png 512w, https:\/\/www.kaibrueckner.de\/site\/wp-content\/uploads\/2021\/04\/download-450x450.png 450w, https:\/\/www.kaibrueckner.de\/site\/wp-content\/uploads\/2021\/04\/download-100x100.png 100w, https:\/\/www.kaibrueckner.de\/site\/wp-content\/uploads\/2021\/04\/download-300x300.png 300w, https:\/\/www.kaibrueckner.de\/site\/wp-content\/uploads\/2021\/04\/download-150x150.png 150w, https:\/\/www.kaibrueckner.de\/site\/wp-content\/uploads\/2021\/04\/download-24x24.png 24w, https:\/\/www.kaibrueckner.de\/site\/wp-content\/uploads\/2021\/04\/download-36x36.png 36w, https:\/\/www.kaibrueckner.de\/site\/wp-content\/uploads\/2021\/04\/download-48x48.png 48w\" sizes=\"auto, (max-width: 40px) 100vw, 40px\" \/><\/figure>\n<\/div>\n\n\n\n<div class=\"wp-block-column is-vertically-aligned-center is-layout-flow wp-block-column-is-layout-flow\" style=\"flex-basis:20%\">\n<p style=\"font-size:15px\">Yakou Tribe Info<\/p>\n<\/div>\n\n\n\n<div class=\"wp-block-column is-vertically-aligned-center is-layout-flow wp-block-column-is-layout-flow\" style=\"flex-basis:10%\">\n<figure class=\"wp-block-image size-full is-resized\"><a href=\"https:\/\/www.kaibrueckner.de\/site\/wp-content\/uploads\/2021\/04\/info_yakou_rituals.pdf\"><img loading=\"lazy\" decoding=\"async\" src=\"https:\/\/www.kaibrueckner.de\/site\/wp-content\/uploads\/2021\/04\/download.png\" alt=\"\" class=\"wp-image-1842\" width=\"40\" height=\"40\" srcset=\"https:\/\/www.kaibrueckner.de\/site\/wp-content\/uploads\/2021\/04\/download.png 512w, https:\/\/www.kaibrueckner.de\/site\/wp-content\/uploads\/2021\/04\/download-450x450.png 450w, https:\/\/www.kaibrueckner.de\/site\/wp-content\/uploads\/2021\/04\/download-100x100.png 100w, https:\/\/www.kaibrueckner.de\/site\/wp-content\/uploads\/2021\/04\/download-300x300.png 300w, https:\/\/www.kaibrueckner.de\/site\/wp-content\/uploads\/2021\/04\/download-150x150.png 150w, https:\/\/www.kaibrueckner.de\/site\/wp-content\/uploads\/2021\/04\/download-24x24.png 24w, https:\/\/www.kaibrueckner.de\/site\/wp-content\/uploads\/2021\/04\/download-36x36.png 36w, https:\/\/www.kaibrueckner.de\/site\/wp-content\/uploads\/2021\/04\/download-48x48.png 48w\" sizes=\"auto, (max-width: 40px) 100vw, 40px\" \/><\/a><\/figure>\n<\/div>\n<\/div>\n\n\n\n<div class=\"wp-block-columns alignwide is-layout-flex wp-container-core-columns-is-layout-9d6595d7 wp-block-columns-is-layout-flex\">\n<div class=\"wp-block-column is-vertically-aligned-center is-layout-flow wp-block-column-is-layout-flow\" style=\"flex-basis:40%\">\n<p style=\"font-size:15px\">Yakou Tribe Stageplan<\/p>\n<\/div>\n\n\n\n<div class=\"wp-block-column is-layout-flow wp-block-column-is-layout-flow\" style=\"flex-basis:10%\">\n<figure class=\"wp-block-image size-full is-resized\"><a href=\"https:\/\/www.kaibrueckner.de\/site\/wp-content\/uploads\/2021\/04\/yakou_stageplan.pdf\" target=\"_blank\" rel=\"https:\/\/www.kaibrueckner.de\/site\/iconfinder_input-2_2916339\/ noopener\"><img loading=\"lazy\" decoding=\"async\" src=\"https:\/\/www.kaibrueckner.de\/site\/wp-content\/uploads\/2021\/04\/download.png\" alt=\"\" class=\"wp-image-1842\" width=\"40\" height=\"40\" srcset=\"https:\/\/www.kaibrueckner.de\/site\/wp-content\/uploads\/2021\/04\/download.png 512w, https:\/\/www.kaibrueckner.de\/site\/wp-content\/uploads\/2021\/04\/download-450x450.png 450w, https:\/\/www.kaibrueckner.de\/site\/wp-content\/uploads\/2021\/04\/download-100x100.png 100w, https:\/\/www.kaibrueckner.de\/site\/wp-content\/uploads\/2021\/04\/download-300x300.png 300w, https:\/\/www.kaibrueckner.de\/site\/wp-content\/uploads\/2021\/04\/download-150x150.png 150w, https:\/\/www.kaibrueckner.de\/site\/wp-content\/uploads\/2021\/04\/download-24x24.png 24w, https:\/\/www.kaibrueckner.de\/site\/wp-content\/uploads\/2021\/04\/download-36x36.png 36w, https:\/\/www.kaibrueckner.de\/site\/wp-content\/uploads\/2021\/04\/download-48x48.png 48w\" sizes=\"auto, (max-width: 40px) 100vw, 40px\" \/><\/a><\/figure>\n<\/div>\n\n\n\n<div class=\"wp-block-column is-layout-flow wp-block-column-is-layout-flow\"><\/div>\n\n\n\n<div class=\"wp-block-column is-vertically-aligned-center is-layout-flow wp-block-column-is-layout-flow\" style=\"flex-basis:40%\">\n<p style=\"font-size:15px\">Yakou Tribe Tech Rider<\/p>\n<\/div>\n\n\n\n<div class=\"wp-block-column is-vertically-aligned-center is-layout-flow wp-block-column-is-layout-flow\" style=\"flex-basis:10%\">\n<figure class=\"wp-block-image size-full is-resized\"><a href=\"https:\/\/www.kaibrueckner.de\/site\/wp-content\/uploads\/2021\/04\/yakou_techrider.pdf\"><img loading=\"lazy\" decoding=\"async\" src=\"https:\/\/www.kaibrueckner.de\/site\/wp-content\/uploads\/2021\/04\/download.png\" alt=\"\" class=\"wp-image-1842\" width=\"40\" height=\"40\" srcset=\"https:\/\/www.kaibrueckner.de\/site\/wp-content\/uploads\/2021\/04\/download.png 512w, https:\/\/www.kaibrueckner.de\/site\/wp-content\/uploads\/2021\/04\/download-450x450.png 450w, https:\/\/www.kaibrueckner.de\/site\/wp-content\/uploads\/2021\/04\/download-100x100.png 100w, https:\/\/www.kaibrueckner.de\/site\/wp-content\/uploads\/2021\/04\/download-300x300.png 300w, https:\/\/www.kaibrueckner.de\/site\/wp-content\/uploads\/2021\/04\/download-150x150.png 150w, https:\/\/www.kaibrueckner.de\/site\/wp-content\/uploads\/2021\/04\/download-24x24.png 24w, https:\/\/www.kaibrueckner.de\/site\/wp-content\/uploads\/2021\/04\/download-36x36.png 36w, https:\/\/www.kaibrueckner.de\/site\/wp-content\/uploads\/2021\/04\/download-48x48.png 48w\" sizes=\"auto, (max-width: 40px) 100vw, 40px\" \/><\/a><\/figure>\n<\/div>\n<\/div>\n\n\n\n<p style=\"font-size:15px\"><\/p>\n\n\n\n<p><\/p>\n<\/div><\/div>\n","protected":false},"excerpt":{"rendered":"<p>Hier befinden sich diverse Informationen Pressemappen und Fotos zum Download f\u00fcr Veranstalter, Presse und zum privaten Gebrauch. Bitte bei allen Ver\u00f6ffentlichungen immer die Urheber erw\u00e4hnen! Kais Pressmappe Yakou Tribe Fotos Yakou Tribe Info Yakou Tribe Stageplan Yakou Tribe Tech Rider<\/p>\n","protected":false},"author":1,"featured_media":0,"parent":0,"menu_order":0,"comment_status":"closed","ping_status":"closed","template":"templates\/template-full-width.php","meta":{"footnotes":""},"class_list":["post-224","page","type-page","status-publish","hentry"],"jetpack_sharing_enabled":true,"_links":{"self":[{"href":"https:\/\/www.kaibrueckner.de\/site\/wp-json\/wp\/v2\/pages\/224","targetHints":{"allow":["GET"]}}],"collection":[{"href":"https:\/\/www.kaibrueckner.de\/site\/wp-json\/wp\/v2\/pages"}],"about":[{"href":"https:\/\/www.kaibrueckner.de\/site\/wp-json\/wp\/v2\/types\/page"}],"author":[{"embeddable":true,"href":"https:\/\/www.kaibrueckner.de\/site\/wp-json\/wp\/v2\/users\/1"}],"replies":[{"embeddable":true,"href":"https:\/\/www.kaibrueckner.de\/site\/wp-json\/wp\/v2\/comments?post=224"}],"version-history":[{"count":3,"href":"https:\/\/www.kaibrueckner.de\/site\/wp-json\/wp\/v2\/pages\/224\/revisions"}],"predecessor-version":[{"id":2745,"href":"https:\/\/www.kaibrueckner.de\/site\/wp-json\/wp\/v2\/pages\/224\/revisions\/2745"}],"wp:attachment":[{"href":"https:\/\/www.kaibrueckner.de\/site\/wp-json\/wp\/v2\/media?parent=224"}],"curies":[{"name":"wp","href":"https:\/\/api.w.org\/{rel}","templated":true}]}}